{"id":2,"date":"2020-12-04T11:14:21","date_gmt":"2020-12-04T14:14:21","guid":{"rendered":"http:\/\/animextreme.com.br\/album\/?page_id=2"},"modified":"2021-01-08T16:02:47","modified_gmt":"2021-01-08T19:02:47","slug":"pagina-exemplo","status":"publish","type":"page","link":"https:\/\/animextreme.com.br\/album\/","title":{"rendered":"In\u00edcio"},"content":{"rendered":"<p><img loading=\"lazy\" decoding=\"async\" class=\"size-medium wp-image-647 aligncenter\" src=\"https:\/\/animextreme.com.br\/album\/wp-content\/uploads\/2021\/01\/AX-white-300x113.png\" alt=\"\" width=\"300\" height=\"113\" srcset=\"https:\/\/animextreme.com.br\/album\/wp-content\/uploads\/2021\/01\/AX-white-300x113.png 300w, https:\/\/animextreme.com.br\/album\/wp-content\/uploads\/2021\/01\/AX-white.png 400w\" sizes=\"auto, (max-width: 300px) 100vw, 300px\" \/><\/p>\n<h2 style=\"text-align: center;\"><strong><span style=\"color: #ffffff;\">Voc\u00ea est\u00e1 no Arquivo de Fotos do Animextreme!<\/span><\/strong><\/h2>\n<p>&nbsp;<\/p>\n<p style=\"text-align: center;\"><span style=\"color: #ffffff;\">Visite cada edi\u00e7\u00e3o do Animextreme pelos olhos dos nossos fot\u00f3grafos.<br \/>\nS\u00e3o milhares de fotos em centenas de \u00e2ngulos. <\/span><\/p>\n<p style=\"text-align: center;\"><span style=\"color: #ffffff;\">Voc\u00ea aparece em quantas??? \ud83d\ude42<\/span><\/p>\n<p>&nbsp;<\/p>\n<p>&nbsp;<\/p>\n<p>&nbsp;<\/p>\n<p>&nbsp;<\/p>\n<p style=\"text-align: right;\"><span style=\"color: #ffffff;\">Animextreme \u00e9 idealizado, organizado e realizado pela<\/span> <img loading=\"lazy\" decoding=\"async\" class=\"alignnone size-full wp-image-657 alignright\" src=\"https:\/\/animextreme.com.br\/album\/wp-content\/uploads\/2021\/01\/AFAR-white.png\" alt=\"\" width=\"200\" height=\"72\" \/><\/p>\n","protected":false},"excerpt":{"rendered":"<p>Voc\u00ea est\u00e1 no Arquivo de Fotos do Animextreme! &nbsp; Visite cada edi\u00e7\u00e3o do Animextreme pelos olhos dos nossos fot\u00f3grafos. S\u00e3o milhares de fotos em centenas de \u00e2ngulos. Voc\u00ea aparece em quantas??? \ud83d\ude42 &nbsp; &nbsp; &nbsp; &nbsp; Animextreme \u00e9 idealizado, organizado e realizado pela<\/p>\n","protected":false},"author":1,"featured_media":0,"parent":0,"menu_order":192,"comment_status":"closed","ping_status":"closed","template":"template-full-width.php","meta":{"footnotes":""},"class_list":["post-2","page","type-page","status-publish","hentry"],"_links":{"self":[{"href":"https:\/\/animextreme.com.br\/album\/wp-json\/wp\/v2\/pages\/2","targetHints":{"allow":["GET"]}}],"collection":[{"href":"https:\/\/animextreme.com.br\/album\/wp-json\/wp\/v2\/pages"}],"about":[{"href":"https:\/\/animextreme.com.br\/album\/wp-json\/wp\/v2\/types\/page"}],"author":[{"embeddable":true,"href":"https:\/\/animextreme.com.br\/album\/wp-json\/wp\/v2\/users\/1"}],"replies":[{"embeddable":true,"href":"https:\/\/animextreme.com.br\/album\/wp-json\/wp\/v2\/comments?post=2"}],"version-history":[{"count":24,"href":"https:\/\/animextreme.com.br\/album\/wp-json\/wp\/v2\/pages\/2\/revisions"}],"predecessor-version":[{"id":664,"href":"https:\/\/animextreme.com.br\/album\/wp-json\/wp\/v2\/pages\/2\/revisions\/664"}],"wp:attachment":[{"href":"https:\/\/animextreme.com.br\/album\/wp-json\/wp\/v2\/media?parent=2"}],"curies":[{"name":"wp","href":"https:\/\/api.w.org\/{rel}","templated":true}]}}